{"id":9,"date":"2020-10-16T23:07:48","date_gmt":"2020-10-16T23:07:48","guid":{"rendered":"http:\/\/www.chojnackanaskret.pl\/?page_id=9"},"modified":"2026-04-02T09:44:56","modified_gmt":"2026-04-02T09:44:56","slug":"o-nas","status":"publish","type":"page","link":"https:\/\/www.chojnackanaskret.pl\/index.php\/o-nas\/","title":{"rendered":"O mnie"},"content":{"rendered":"\n<h2 class=\"wp-block-heading\"><\/h2>\n\n\n\n<p>Wspieram firmy i przedsi\u0119biorc\u00f3w w rozwoju kompetencji przysz\u0142o\u015bci \u2013 inteligencji emocjonalnej, odporno\u015bci psychicznej i efektywnej komunikacji, opartej na potrzebach.<\/p>\n\n\n\n<p>Wsp\u00f3\u0142pracuj\u0119 z organizacjami i osobami indywidualnymi, kt\u00f3re chc\u0105 rozwija\u0107 si\u0119 w spos\u00f3b zr\u00f3wnowa\u017cony \u2013 buduj\u0105c wewn\u0119trzn\u0105 sp\u00f3jno\u015b\u0107, lepsze relacje w zespo\u0142ach i wi\u0119ksz\u0105 skuteczno\u015b\u0107 w dzia\u0142aniu.<\/p>\n\n\n\n<p>\u0141\u0105cz\u0119 wiedz\u0119 z zakresu biznesu, psychologii, uwa\u017cno\u015bci i pracy z cia\u0142em, tworz\u0105c programy rozwojowe, kt\u00f3re odpowiadaj\u0105 na realne wyzwania wsp\u00f3\u0142czesnego \u015brodowiska pracy.<\/p>\n\n\n\n<p>Wierz\u0119, \u017ce ka\u017cdy cz\u0142owiek ma w sobie potencja\u0142, kt\u00f3ry \u2013 odpowiednio wsparty \u2013 mo\u017ce sta\u0107 si\u0119 \u017ar\u00f3d\u0142em stabilno\u015bci, zaanga\u017cowania i si\u0142y w dzia\u0142aniu. Dlatego wspieram lider\u00f3w i zespo\u0142y w tworzeniu \u015brodowisk pracy, w kt\u00f3rych ludzie potrafi\u0105 zarz\u0105dza\u0107 sob\u0105, stresem i relacjami \u2013 skutecznie i z uwa\u017cno\u015bci\u0105.<\/p>\n\n\n\n<h2 class=\"wp-block-heading has-small-font-size\"><\/h2>\n\n\n\n<p id=\"block-76878732-80e4-46dd-a065-7421f2bf825b\"><\/p>\n\n\n\n<p id=\"block-76878732-80e4-46dd-a065-7421f2bf825b\"><\/p>\n\n\n\n<h2 class=\"wp-block-heading\" id=\"block-b93be9b5-11d9-48cd-8e79-168633aaf446\">CO MNIE WYR\u00d3\u017bNIA<\/h2>\n\n\n\n<p>Od ponad 25 lat dzia\u0142am na styku biznesu i rozwoju osobistego. Podczas warsztat\u00f3w, w trakcie prelekcji i spotka\u0144 indywidualnych dziel\u0119 si\u0119 wiedz\u0105 oraz praktycznym do\u015bwiadczeniem zdobytym w r\u00f3\u017cnych bran\u017cach i \u015brodowiskach organizacyjnych.<\/p>\n\n\n\n<p>Moje podej\u015bcie \u0142\u0105czy <strong>merytoryczn\u0105 precyzj\u0119 z empatycznym prowadzeniem proces\u00f3w rozwojowych<\/strong>. Tworz\u0119 bezpieczn\u0105, profesjonaln\u0105 przestrze\u0144, w kt\u00f3rej uczestnicy mog\u0105 nie tylko zdobywa\u0107 nowe kompetencje, ale tak\u017ce otwarcie m\u00f3wi\u0107 o wyzwaniach i szuka\u0107 trwa\u0142ych rozwi\u0105za\u0144.<\/p>\n\n\n\n<p>W centrum mojej pracy znajduj\u0105 si\u0119 <strong>realne potrzeby ludzi i organizacji<\/strong>. Wspieram zespo\u0142y i lider\u00f3w w:<\/p>\n\n\n\n<ul class=\"wp-block-list\">\n<li>rozwijaniu inteligencji emocjonalnej,<\/li>\n\n\n\n<li>lepszym radzeniu sobie ze stresem i zmian\u0105,<\/li>\n\n\n\n<li>budowaniu postaw sprzyjaj\u0105cych zaanga\u017cowaniu i wsp\u00f3\u0142pracy,<\/li>\n\n\n\n<li>wzmacnianiu odporno\u015bci psychicznej i sprawczo\u015bci w dzia\u0142aniu.<\/li>\n<\/ul>\n\n\n\n<p>Efektem jest nie tylko wi\u0119ksza satysfakcja pracownik\u00f3w, ale tak\u017ce <strong>wymierna poprawa efektywno\u015bci i jako\u015bci wsp\u00f3\u0142pracy w zespo\u0142ach<\/strong>.<\/p>\n\n\n\n<p>Dla mnie to nie tylko praca \u2013 to \u015bwiadoma i konsekwentna misja, kt\u00f3rej celem jest wspieranie ludzi i firm w pe\u0142nym wykorzystaniu potencja\u0142u.<\/p>\n\n\n\n<h2 class=\"wp-block-heading\">PRZYGOTOWANIE, DO\u015aWIADCZENIE, KURSY, CERTYFIKATY<\/h2>\n\n\n\n<p>Przez niemal 20 lat pracowa\u0142am w biznesie, w obszarze&nbsp;People&amp;Culture. Od 10 lat pracuj\u0119 jako trenerka, konsultantka, mentorka i coach.&nbsp; W tym czasie zrealizowa\u0142am ponad 300 godzin pracy coachingowej i coachingowo-mentoringowej, sp\u0119dzi\u0142am ponad 2000 godzin na sali szkoleniowej oraz wspiera\u0142am w rozwoju ponad 60 organizacji. Dodatkowo w swojej karierze zawodowej zrekrutowa\u0142am setki os\u00f3b na niemal wszystkie poziomy stanowisk organizacji.<\/p>\n\n\n\n<p>Jestem absolwentk\u0105 studi\u00f3w magisterskich na Wydziale Zarz\u0105dzania Uniwersytetu Gda\u0144skiego oraz studi\u00f3w podyplomowych: \u201eZarz\u0105dzanie Zasobami Ludzkimi\u201d na Politechnice Gda\u0144skiej i \u201eLife Coaching\u201d w Collegium Civitas. Uko\u0144czy\u0142am kursy \u201eTrain the Trainer \u201d oraz \u201eTrain the Trainer II \u2013 zaawansowane techniki prowadzenia szkole\u0144 z elementami coachingu grupowego\u201d w ramach UO Uniwersytetu Warszawskiego, program szkoleniowy &#8222;Nowy Zaw\u00f3d Coach&#8221; zako\u0144czony certyfikacj\u0105 VCC a tak\u017ce Kurs Doradcy Zawodowego P&amp;M Management Group. Ponadto jestem certyfikowanym coachem mocnych stron Strengths Community. Jestem tak\u017ce certyfikowan\u0105 konsultantk\u0105 narz\u0119dzia diagnostycznego Insightful Profiler (iP 121) &#8211; Profilowanie Osobowo\u015bci Zawodowej oraz certyfikowanym praktykiem metody pracy z emocjami The Emotion Code \u00ae- Kod emocji. Uko\u0144czy\u0142am kurs &#8222;English for trainers&#8221;. Dodatkowo jestem certyfikowan\u0105 nauczycielk\u0105 yin jogi oraz certyfikowan\u0105 jogink\u0105 \u015bmiechu. \ud83d\ude42<\/p>\n\n\n\n<p>Uwielbiam dzieli\u0107 si\u0119 swoj\u0105 wiedz\u0105 i inspirowa\u0107 innych. Rozw\u00f3j jest jedn\u0105 z najwa\u017cniejszych moich warto\u015bci. Dbam o to, by nieustannie poszerza\u0107 swoj\u0105 wiedz\u0119 i pracowa\u0107 nad moimi kompetencjami.<\/p>\n\n\n\n<h2 class=\"wp-block-heading\">MOJE TALENTY WED\u0141UG CLIFTON STRENGTHS<\/h2>\n\n\n\n<ol class=\"wp-block-list\">\n<li>Empatia<\/li>\n\n\n\n<li>Uczenie si\u0119<\/li>\n\n\n\n<li>Optymista<\/li>\n\n\n\n<li>Rozwijanie innych<\/li>\n\n\n\n<li>Czar<\/li>\n\n\n\n<li>Elastyczno\u015b\u0107<\/li>\n\n\n\n<li>Zgodno\u015b\u0107<\/li>\n\n\n\n<li>Maksymalista<\/li>\n\n\n\n<li>Komunikatywno\u015b\u0107<\/li>\n\n\n\n<li>Blisko\u015b\u0107<\/li>\n<\/ol>\n\n\n\n<p><\/p>\n\n\n\n<h2 class=\"wp-block-heading\">JAK \u0141ADUJ\u0118 BATERIE<\/h2>\n\n\n\n<p><\/p>\n\n\n\n<p>W wolnym czasie odpoczywam najcz\u0119\u015bciej na \u0142onie natury, fotografuj\u0105c i uprawiaj\u0105c sport. Joga, zumba, jazda na rowerze, nartach i \u0142y\u017cwach to moje ulubione aktywno\u015bci. Ponadto wa\u017cne miejsce w moim \u017cyciu zajmuje muzyka. W wolnych chwilach s\u0142ucham muzyki, gram na fortepianie i na flecie. Ponadto uwielbiam podr\u00f3\u017cowa\u0107 i odkrywa\u0107 moje ulubione miejsca, kt\u00f3rymi dziel\u0119 si\u0119 na blogu:<\/p>\n\n\n\n<p><a href=\"http:\/\/zachwytumoc.blogspot.com\/\">http:\/\/zachwytumoc.blogspot.com\/<\/a><\/p>\n\n\n\n<p>Zapraszam na m\u00f3j fanpage:<\/p>\n\n\n\n<p><a href=\"https:\/\/www.facebook.com\/rozwijajswojeskrzydla\">https:\/\/www.facebook.com\/rozwijajswojeskrzydla<\/a><\/p>\n\n\n\n<p>oraz na m\u00f3j profil na LinkedIn:<\/p>\n\n\n\n<p><\/p>\n\n\n\n<p><a href=\"https:\/\/www.linkedin.com\/in\/izabela-chojnacka-naskr%C4%99t-65b70a4\/\">https:\/\/www.linkedin.com\/in\/izabela-chojnacka-naskr%C4%99t-65b70a4\/<\/a><\/p>\n\n\n\n\n\n<p><\/p>\n\n\n\n<h2 class=\"wp-block-heading\"><\/h2>\n","protected":false},"excerpt":{"rendered":"<p>Wspieram firmy i przedsi\u0119biorc\u00f3w w rozwoju kompetencji przysz\u0142o\u015bci \u2013 inteligencji emocjonalnej, odporno\u015bci psychicznej i efektywnej komunikacji, opartej na potrzebach. Wsp\u00f3\u0142pracuj\u0119 z organizacjami i osobami indywidualnymi, kt\u00f3re chc\u0105 rozwija\u0107 si\u0119 w spos\u00f3b zr\u00f3wnowa\u017cony \u2013 buduj\u0105c wewn\u0119trzn\u0105 sp\u00f3jno\u015b\u0107, lepsze relacje w zespo\u0142ach i wi\u0119ksz\u0105 skuteczno\u015b\u0107 w dzia\u0142aniu. \u0141\u0105cz\u0119 wiedz\u0119 z zakresu biznesu, psychologii, uwa\u017cno\u015bci i pracy z &hellip; <\/p>\n<p class=\"link-more\"><a href=\"https:\/\/www.chojnackanaskret.pl\/index.php\/o-nas\/\" class=\"more-link\">Czytaj dalej<span class=\"screen-reader-text\"> \u201eO mnie\u201d<\/span><\/a><\/p>\n","protected":false},"author":1,"featured_media":50,"parent":0,"menu_order":0,"comment_status":"closed","ping_status":"closed","template":"","meta":{"footnotes":"","_links_to":"","_links_to_target":""},"class_list":["post-9","page","type-page","status-publish","has-post-thumbnail","hentry"],"yoast_head":"<!-- This site is optimized with the Yoast SEO plugin v23.2 - https:\/\/yoast.com\/wordpress\/plugins\/seo\/ -->\n<title>O mnie - Izabela Chojnacka - Naskr\u0119t Consulting<\/title>\n<meta name=\"robots\" content=\"index, follow, max-snippet:-1, max-image-preview:large, max-video-preview:-1\" \/>\n<link rel=\"canonical\" href=\"https:\/\/www.chojnackanaskret.pl\/index.php\/o-nas\/\" \/>\n<meta property=\"og:locale\" content=\"pl_PL\" \/>\n<meta property=\"og:type\" content=\"article\" \/>\n<meta property=\"og:title\" content=\"O mnie - Izabela Chojnacka - Naskr\u0119t Consulting\" \/>\n<meta property=\"og:description\" content=\"Wspieram firmy i przedsi\u0119biorc\u00f3w w rozwoju kompetencji przysz\u0142o\u015bci \u2013 inteligencji emocjonalnej, odporno\u015bci psychicznej i efektywnej komunikacji, opartej na potrzebach. Wsp\u00f3\u0142pracuj\u0119 z organizacjami i osobami indywidualnymi, kt\u00f3re chc\u0105 rozwija\u0107 si\u0119 w spos\u00f3b zr\u00f3wnowa\u017cony \u2013 buduj\u0105c wewn\u0119trzn\u0105 sp\u00f3jno\u015b\u0107, lepsze relacje w zespo\u0142ach i wi\u0119ksz\u0105 skuteczno\u015b\u0107 w dzia\u0142aniu. \u0141\u0105cz\u0119 wiedz\u0119 z zakresu biznesu, psychologii, uwa\u017cno\u015bci i pracy z &hellip; Czytaj dalej \u201eO mnie\u201d\" \/>\n<meta property=\"og:url\" content=\"https:\/\/www.chojnackanaskret.pl\/index.php\/o-nas\/\" \/>\n<meta property=\"og:site_name\" content=\"Izabela Chojnacka - Naskr\u0119t Consulting\" \/>\n<meta property=\"article:modified_time\" content=\"2026-04-02T09:44:56+00:00\" \/>\n<meta property=\"og:image\" content=\"http:\/\/www.chojnackanaskret.pl\/wp-content\/uploads\/2020\/10\/motyl-scaled.jpg\" \/>\n\t<meta property=\"og:image:width\" content=\"2560\" \/>\n\t<meta property=\"og:image:height\" content=\"1920\" \/>\n\t<meta property=\"og:image:type\" content=\"image\/jpeg\" \/>\n<meta name=\"twitter:card\" content=\"summary_large_image\" \/>\n<meta name=\"twitter:label1\" content=\"Szacowany czas czytania\" \/>\n\t<meta name=\"twitter:data1\" content=\"4 minuty\" \/>\n<script type=\"application\/ld+json\" class=\"yoast-schema-graph\">{\"@context\":\"https:\/\/schema.org\",\"@graph\":[{\"@type\":\"WebPage\",\"@id\":\"https:\/\/www.chojnackanaskret.pl\/index.php\/o-nas\/\",\"url\":\"https:\/\/www.chojnackanaskret.pl\/index.php\/o-nas\/\",\"name\":\"O mnie - Izabela Chojnacka - Naskr\u0119t Consulting\",\"isPartOf\":{\"@id\":\"https:\/\/www.chojnackanaskret.pl\/#website\"},\"primaryImageOfPage\":{\"@id\":\"https:\/\/www.chojnackanaskret.pl\/index.php\/o-nas\/#primaryimage\"},\"image\":{\"@id\":\"https:\/\/www.chojnackanaskret.pl\/index.php\/o-nas\/#primaryimage\"},\"thumbnailUrl\":\"https:\/\/www.chojnackanaskret.pl\/wp-content\/uploads\/2020\/10\/motyl-scaled.jpg\",\"datePublished\":\"2020-10-16T23:07:48+00:00\",\"dateModified\":\"2026-04-02T09:44:56+00:00\",\"breadcrumb\":{\"@id\":\"https:\/\/www.chojnackanaskret.pl\/index.php\/o-nas\/#breadcrumb\"},\"inLanguage\":\"pl-PL\",\"potentialAction\":[{\"@type\":\"ReadAction\",\"target\":[\"https:\/\/www.chojnackanaskret.pl\/index.php\/o-nas\/\"]}]},{\"@type\":\"ImageObject\",\"inLanguage\":\"pl-PL\",\"@id\":\"https:\/\/www.chojnackanaskret.pl\/index.php\/o-nas\/#primaryimage\",\"url\":\"https:\/\/www.chojnackanaskret.pl\/wp-content\/uploads\/2020\/10\/motyl-scaled.jpg\",\"contentUrl\":\"https:\/\/www.chojnackanaskret.pl\/wp-content\/uploads\/2020\/10\/motyl-scaled.jpg\",\"width\":2560,\"height\":1920},{\"@type\":\"BreadcrumbList\",\"@id\":\"https:\/\/www.chojnackanaskret.pl\/index.php\/o-nas\/#breadcrumb\",\"itemListElement\":[{\"@type\":\"ListItem\",\"position\":1,\"name\":\"Strona g\u0142\u00f3wna\",\"item\":\"https:\/\/www.chojnackanaskret.pl\/\"},{\"@type\":\"ListItem\",\"position\":2,\"name\":\"O mnie\"}]},{\"@type\":\"WebSite\",\"@id\":\"https:\/\/www.chojnackanaskret.pl\/#website\",\"url\":\"https:\/\/www.chojnackanaskret.pl\/\",\"name\":\"Izabela Chojnacka - Naskr\u0119t Consulting\",\"description\":\"Neuroregeneracja. Lepsze relacje. Wi\u0119ksza efektywno\u015b\u0107.\",\"publisher\":{\"@id\":\"https:\/\/www.chojnackanaskret.pl\/#\/schema\/person\/5a5f146d235eed4f0e1a45497b392c61\"},\"potentialAction\":[{\"@type\":\"SearchAction\",\"target\":{\"@type\":\"EntryPoint\",\"urlTemplate\":\"https:\/\/www.chojnackanaskret.pl\/?s={search_term_string}\"},\"query-input\":\"required name=search_term_string\"}],\"inLanguage\":\"pl-PL\"},{\"@type\":[\"Person\",\"Organization\"],\"@id\":\"https:\/\/www.chojnackanaskret.pl\/#\/schema\/person\/5a5f146d235eed4f0e1a45497b392c61\",\"name\":\"admin\",\"image\":{\"@type\":\"ImageObject\",\"inLanguage\":\"pl-PL\",\"@id\":\"https:\/\/www.chojnackanaskret.pl\/#\/schema\/person\/image\/\",\"url\":\"https:\/\/secure.gravatar.com\/avatar\/7a3e135b161b9512653ea3810f76480f49e61ef8f5feaedac395abeb2e0b9660?s=96&d=mm&r=g\",\"contentUrl\":\"https:\/\/secure.gravatar.com\/avatar\/7a3e135b161b9512653ea3810f76480f49e61ef8f5feaedac395abeb2e0b9660?s=96&d=mm&r=g\",\"caption\":\"admin\"},\"logo\":{\"@id\":\"https:\/\/www.chojnackanaskret.pl\/#\/schema\/person\/image\/\"},\"sameAs\":[\"http:\/\/www.chojnackanaskret.pl\"]}]}<\/script>\n<!-- \/ Yoast SEO plugin. -->","yoast_head_json":{"title":"O mnie - Izabela Chojnacka - Naskr\u0119t Consulting","robots":{"index":"index","follow":"follow","max-snippet":"max-snippet:-1","max-image-preview":"max-image-preview:large","max-video-preview":"max-video-preview:-1"},"canonical":"https:\/\/www.chojnackanaskret.pl\/index.php\/o-nas\/","og_locale":"pl_PL","og_type":"article","og_title":"O mnie - Izabela Chojnacka - Naskr\u0119t Consulting","og_description":"Wspieram firmy i przedsi\u0119biorc\u00f3w w rozwoju kompetencji przysz\u0142o\u015bci \u2013 inteligencji emocjonalnej, odporno\u015bci psychicznej i efektywnej komunikacji, opartej na potrzebach. Wsp\u00f3\u0142pracuj\u0119 z organizacjami i osobami indywidualnymi, kt\u00f3re chc\u0105 rozwija\u0107 si\u0119 w spos\u00f3b zr\u00f3wnowa\u017cony \u2013 buduj\u0105c wewn\u0119trzn\u0105 sp\u00f3jno\u015b\u0107, lepsze relacje w zespo\u0142ach i wi\u0119ksz\u0105 skuteczno\u015b\u0107 w dzia\u0142aniu. \u0141\u0105cz\u0119 wiedz\u0119 z zakresu biznesu, psychologii, uwa\u017cno\u015bci i pracy z &hellip; Czytaj dalej \u201eO mnie\u201d","og_url":"https:\/\/www.chojnackanaskret.pl\/index.php\/o-nas\/","og_site_name":"Izabela Chojnacka - Naskr\u0119t Consulting","article_modified_time":"2026-04-02T09:44:56+00:00","og_image":[{"width":2560,"height":1920,"url":"http:\/\/www.chojnackanaskret.pl\/wp-content\/uploads\/2020\/10\/motyl-scaled.jpg","type":"image\/jpeg"}],"twitter_card":"summary_large_image","twitter_misc":{"Szacowany czas czytania":"4 minuty"},"schema":{"@context":"https:\/\/schema.org","@graph":[{"@type":"WebPage","@id":"https:\/\/www.chojnackanaskret.pl\/index.php\/o-nas\/","url":"https:\/\/www.chojnackanaskret.pl\/index.php\/o-nas\/","name":"O mnie - Izabela Chojnacka - Naskr\u0119t Consulting","isPartOf":{"@id":"https:\/\/www.chojnackanaskret.pl\/#website"},"primaryImageOfPage":{"@id":"https:\/\/www.chojnackanaskret.pl\/index.php\/o-nas\/#primaryimage"},"image":{"@id":"https:\/\/www.chojnackanaskret.pl\/index.php\/o-nas\/#primaryimage"},"thumbnailUrl":"https:\/\/www.chojnackanaskret.pl\/wp-content\/uploads\/2020\/10\/motyl-scaled.jpg","datePublished":"2020-10-16T23:07:48+00:00","dateModified":"2026-04-02T09:44:56+00:00","breadcrumb":{"@id":"https:\/\/www.chojnackanaskret.pl\/index.php\/o-nas\/#breadcrumb"},"inLanguage":"pl-PL","potentialAction":[{"@type":"ReadAction","target":["https:\/\/www.chojnackanaskret.pl\/index.php\/o-nas\/"]}]},{"@type":"ImageObject","inLanguage":"pl-PL","@id":"https:\/\/www.chojnackanaskret.pl\/index.php\/o-nas\/#primaryimage","url":"https:\/\/www.chojnackanaskret.pl\/wp-content\/uploads\/2020\/10\/motyl-scaled.jpg","contentUrl":"https:\/\/www.chojnackanaskret.pl\/wp-content\/uploads\/2020\/10\/motyl-scaled.jpg","width":2560,"height":1920},{"@type":"BreadcrumbList","@id":"https:\/\/www.chojnackanaskret.pl\/index.php\/o-nas\/#breadcrumb","itemListElement":[{"@type":"ListItem","position":1,"name":"Strona g\u0142\u00f3wna","item":"https:\/\/www.chojnackanaskret.pl\/"},{"@type":"ListItem","position":2,"name":"O mnie"}]},{"@type":"WebSite","@id":"https:\/\/www.chojnackanaskret.pl\/#website","url":"https:\/\/www.chojnackanaskret.pl\/","name":"Izabela Chojnacka - Naskr\u0119t Consulting","description":"Neuroregeneracja. Lepsze relacje. Wi\u0119ksza efektywno\u015b\u0107.","publisher":{"@id":"https:\/\/www.chojnackanaskret.pl\/#\/schema\/person\/5a5f146d235eed4f0e1a45497b392c61"},"potentialAction":[{"@type":"SearchAction","target":{"@type":"EntryPoint","urlTemplate":"https:\/\/www.chojnackanaskret.pl\/?s={search_term_string}"},"query-input":"required name=search_term_string"}],"inLanguage":"pl-PL"},{"@type":["Person","Organization"],"@id":"https:\/\/www.chojnackanaskret.pl\/#\/schema\/person\/5a5f146d235eed4f0e1a45497b392c61","name":"admin","image":{"@type":"ImageObject","inLanguage":"pl-PL","@id":"https:\/\/www.chojnackanaskret.pl\/#\/schema\/person\/image\/","url":"https:\/\/secure.gravatar.com\/avatar\/7a3e135b161b9512653ea3810f76480f49e61ef8f5feaedac395abeb2e0b9660?s=96&d=mm&r=g","contentUrl":"https:\/\/secure.gravatar.com\/avatar\/7a3e135b161b9512653ea3810f76480f49e61ef8f5feaedac395abeb2e0b9660?s=96&d=mm&r=g","caption":"admin"},"logo":{"@id":"https:\/\/www.chojnackanaskret.pl\/#\/schema\/person\/image\/"},"sameAs":["http:\/\/www.chojnackanaskret.pl"]}]}},"jetpack_sharing_enabled":true,"_links":{"self":[{"href":"https:\/\/www.chojnackanaskret.pl\/index.php\/wp-json\/wp\/v2\/pages\/9","targetHints":{"allow":["GET"]}}],"collection":[{"href":"https:\/\/www.chojnackanaskret.pl\/index.php\/wp-json\/wp\/v2\/pages"}],"about":[{"href":"https:\/\/www.chojnackanaskret.pl\/index.php\/wp-json\/wp\/v2\/types\/page"}],"author":[{"embeddable":true,"href":"https:\/\/www.chojnackanaskret.pl\/index.php\/wp-json\/wp\/v2\/users\/1"}],"replies":[{"embeddable":true,"href":"https:\/\/www.chojnackanaskret.pl\/index.php\/wp-json\/wp\/v2\/comments?post=9"}],"version-history":[{"count":40,"href":"https:\/\/www.chojnackanaskret.pl\/index.php\/wp-json\/wp\/v2\/pages\/9\/revisions"}],"predecessor-version":[{"id":521,"href":"https:\/\/www.chojnackanaskret.pl\/index.php\/wp-json\/wp\/v2\/pages\/9\/revisions\/521"}],"wp:featuredmedia":[{"embeddable":true,"href":"https:\/\/www.chojnackanaskret.pl\/index.php\/wp-json\/wp\/v2\/media\/50"}],"wp:attachment":[{"href":"https:\/\/www.chojnackanaskret.pl\/index.php\/wp-json\/wp\/v2\/media?parent=9"}],"curies":[{"name":"wp","href":"https:\/\/api.w.org\/{rel}","templated":true}]}}