{"id":34,"date":"2020-10-16T23:19:18","date_gmt":"2020-10-16T23:19:18","guid":{"rendered":"http:\/\/www.chojnackanaskret.pl\/?page_id=34"},"modified":"2023-05-22T13:31:15","modified_gmt":"2023-05-22T13:31:15","slug":"warsztaty","status":"publish","type":"page","link":"https:\/\/www.chojnackanaskret.pl\/index.php\/warsztaty\/","title":{"rendered":"Rekomendacje"},"content":{"rendered":"\n<p>Opinie klient\u00f3w szkoleniowych:<\/p>\n\n\n\n<p>&#8222;Jestem zachwycona trenerem (Iz\u0105) &#8211; jej spok\u00f3j, do\u015bwiadczenie i wiedza jest ogromna. Przekazuje wiedz\u0119 w spos\u00f3b bardzo przyst\u0119pny, pos\u0142uguje si\u0119 doskona\u0142ymi przyk\u0142adami. Stwarza bardzo dobr\u0105 atmosfer\u0119 i warunki do dzielenia si\u0119 do\u015bwiadczeniami, kt\u00f3re wzbogacaj\u0105 proces edukacyjny. &#8222;<\/p>\n\n\n\n<p>(uczestniczka szkolenia &#8222;Moc empatii w biznesie&#8221;)<\/p>\n\n\n\n<p>&#8222;Jasny przekaz, du\u017ca wiedza, du\u017co praktyki. Anga\u017cowanie uczestnik\u00f3w do aktywnego udzia\u0142u w szkoleniu. Przyk\u0142ady bazuj\u0105ce na swoim do\u015bwiadczeniu&#8221;<\/p>\n\n\n\n<p>(uczestnik szkolenia &#8222;Zarz\u0105dzanie talentami&#8221;)<\/p>\n\n\n\n<p>&#8222;Super przygotowanie. Du\u017ca ilo\u015b\u0107 przyk\u0142ad\u00f3w i \u0107wicze\u0144&#8221;<\/p>\n\n\n\n<p>(uczestnik szkolenia &#8222;Talenty w organizacji&#8221;<\/p>\n\n\n\n<p>&#8222;Ogromna wiedza, super podej\u015bcie do grupy&#8221;<\/p>\n\n\n\n<p>(uczestniczka szkolenia &#8222;Zarz\u0105dzanie talentami&#8221;)<\/p>\n\n\n\n<p>&#8222;Szkolenie przeprowadzone merytorycznie a r\u00f3wnocze\u015bnie z empati\u0105, przestrzeni\u0105 na &#8222;wgl\u0105d w siebie&#8221;, prowadzone z perspektywy &#8222;wsp\u00f3\u0142uczestniczenia&#8221; a nie tylko przekazywania wiedzy z pozycji autorytetu. Zapisa\u0142abym si\u0119 na (prawie) ka\u017cde szkolenie prowadzone przez Pani\u0105 Izabel\u0119 w ciemno.&#8221;<\/p>\n\n\n\n<p>(uczestniczka szkolenia &#8222;Moc empatii w biznesie&#8221;)<\/p>\n\n\n\n<p>\u201eDzi\u0119kuj\u0119 za mo\u017cliwo\u015b\u0107 wzi\u0119cia udzia\u0142u w doskona\u0142ym szkoleniu. Pani trener Iza to wielkie do\u015bwiadczenie, wspania\u0142y kontakt z uczestnikami, umiej\u0119tno\u015b\u0107 dzielenia si\u0119 wiedz\u0105, czyli pe\u0142en profesjonalizm.\u201d<\/p>\n\n\n\n<p>(uczestniczka szkolenia &#8222;Jak radzi\u0107 sobie ze stresem i przeciwdzia\u0142a\u0107 wypaleniu zawodowemu&#8221;)<\/p>\n\n\n\n<p>\u201ePe\u0142en profesjonalizm w posiadanej wiedzy i jej przekazie. Idealna atmosfera. Trener, mentor i coach w jednej osobie\u201d<\/p>\n\n\n\n<p>(uczestniczka szkolenia &#8222;Adaptacja pracownik\u00f3w&#8221;)<\/p>\n\n\n\n<p>\u201eMam wi\u0119ksz\u0105 \u015bwiadomo\u015b\u0107 na temat komunikacji mi\u0119dzyludzkiej, my\u015bl\u0119 \u017ce \u0142atwiej b\u0119d\u0119 si\u0119 komunikowa\u0142 z r\u00f3\u017cnymi typami osobowo\u015bci.\u201d<\/p>\n\n\n\n<p>(uczestnik szkolenia &#8222;Skuteczna komunikacja w r\u00f3\u017cnorodnym zespole&#8221;<\/p>\n\n\n\n<p>\u201eProwadz\u0105ca prowadzi\u0142a szkolenie kalorycznie, bardzo mi si\u0119 podoba\u0142o. Polecam szkolenie i prowadz\u0105cego. My\u015bl\u0119, \u017ce zdoby\u0142am wi\u0119cej wiedzy i do\u015bwiadcze\u0144.\u201d<\/p>\n\n\n\n<p>(uczestniczka szkolenia &#8222;Skuteczny rekruter&#8221;<\/p>\n\n\n\n<p>\u201eNajbardziej podoba\u0142a mi si\u0119 postawa trenera oraz to, \u017ce mogli\u015bmy o wszystkim dyskutowa\u0107 wyra\u017ca\u0107 swoje opinie i zdanie.\u201d<\/p>\n\n\n\n<p>(uczestniczka szkolenia &#8222;Inteligencja emocjonalna kompetencj\u0105 przysz\u0142o\u015bci&#8221;)<\/p>\n\n\n\n<p>&#8222;Bardzo sympatyczna pani trener, du\u017co pozytywnej energii :)&#8221;<\/p>\n\n\n\n<p>(uczestnik szkolenia &#8222;Inteligencja emocjonalna kompetencj\u0105 przysz\u0142o\u015bci&#8221;)<\/p>\n\n\n\n<p>&#8222;Entuzjastyczna, pozytywna trenerka, ogromne do\u015bwiadczenie, potrafi dzieli\u0107 si\u0119 wiedz\u0105&#8221;<\/p>\n\n\n\n<p>(uczestniczka szkolenia &#8222;Efektywno\u015b\u0107 osobista&#8221;)<\/p>\n\n\n\n<p>************************************************************************************************************<\/p>\n\n\n\n<p>Opinie klient\u00f3w coachingowych:<\/p>\n\n\n\n<p>Iza jest osob\u0105, z kt\u00f3r\u0105 bardzo dobrze si\u0119 wsp\u00f3\u0142pracuje. Jest otwarta, kontaktowa i komunikatywna. W trakcie spotka\u0144 &#8222;daje wycisk&#8221;, zmusza do my\u015blenia, zastanowienia si\u0119, co w konsekwencji motywuje do pracy. Praca z Iz\u0105 pomog\u0142a mi uzmys\u0142owi\u0107 na co warto&nbsp;zu\u017cywa\u0107 energi\u0119, prac\u0119 i czas, a co nale\u017cy zostawi\u0107. Zainspirowa\u0142a mnie do dzia\u0142ania i realizowania w\u0142asnych marze\u0144 i d\u0105\u017ce\u0144.&nbsp;Wiele nauczy\u0142am si\u0119 od Izy. Przyjazna atmosfera, wiedza i do\u015bwiadczenie, a przede wszystkim nastawienie na to by mnie wesprze\u0107 by\u0142y bezcenne i bardzo wa\u017cne dla mnie. Ka\u017cde spotkanie wnosi\u0142o co\u015b nowego i odkrywczego. Po ka\u017cdym spotkaniu wychodzi\u0142am z &#8222;prac\u0105 domow\u0105&#8221; ale i satysfakcj\u0105. \u015amia\u0142o mog\u0119 stwierdzi\u0107, \u017ce takiego coacha potrzebowa\u0142am.<\/p>\n\n\n\n<p>Jola<\/p>\n\n\n\n<p>\u201eSpotkania coachingowe z Iz\u0105 by\u0142y pe\u0142ne serdeczno\u015bci i fachowego podej\u015bcia. Sz\u0142am na nie z rado\u015bci\u0105 i nadziej\u0105 na odkrywanie kolejnych obszar\u00f3w w moich zawodowych rozterkach. Wiedz\u0105 coachingow\u0105 prowadzi\u0142a mnie do znalezienia odpowiedzi i rozwi\u0105za\u0144. Wychodzi\u0142am z nich z now\u0105 wiedz\u0105, wsparciem merytorycznym i zadaniami do wykonania. Wa\u017cne dla mnie by\u0142y konkretne dzia\u0142ania min. zapisanie cel\u00f3w i dat, otrzymywane \u201eprace domowe\u201d. Otrzyma\u0142am od Izy \u201eskrzyd\u0142a\u201d, obym teraz umia\u0142a wznie\u015b\u0107 si\u0119 na odpowiedni\u0105 dla mnie wysoko\u015b\u0107 i umia\u0142a j\u0105 utrzyma\u0107:)&nbsp;\u201e<\/p>\n\n\n\n<p>Agnieszka<\/p>\n\n\n\n<p>&#8222;Szczerze polecam! Pierwsza rozmowa z Iz\u0105, to jak rozmowa z przyjaci\u00f3\u0142k\u0105 po d\u0142ugiej przerwie. Po\u015bwi\u0119ci\u0142a mi du\u017co swojego czasu i udzieli\u0142a konkretnych informacji. Ta jedna rozmowa z ni\u0105, pomog\u0142a mi skuteczniej prezentowa\u0107 siebie na rozmowach kwalifikacyjnych. Iza jest do\u015bwiadczon\u0105 profesjonalist\u0105 z poczuciem humoru&#8221;<\/p>\n\n\n\n<p>Ola<\/p>\n\n\n\n<p>&#8222;Do Izy trafi\u0142am ju\u017c kilka lat temu. Co to mnie totalnie uj\u0119\u0142o, to fakt, \u017ce Iza sama do mnie podesz\u0142a i powiedzia\u0142a \u201emog\u0119 ci pomoc\u201d. Nasze wsp\u00f3lne sesje trwa\u0142y rok. Zrobi\u0142y\u015bmy w tym czasie kawa\u0142 roboty, a ja wynios\u0142am z tych spotka\u0144 bardzo du\u017co. Iza mocno koncentruje si\u0119 na tym czego potrzebuje druga strona. To niezapomniany coach, a owoce s\u0105 widoczne w mojej codziennej pracy.\u201d<\/p>\n\n\n\n<p>Aga<\/p>\n\n\n\n<p>&#8222;Iza to doskona\u0142y coach i mentor. Uwa\u017cnie s\u0142ucha, pomagaj\u0105c wydoby\u0107 na zewn\u0105trz kryj\u0105ce si\u0119 zasoby. Kiedy istnieje taka potrzeba, dzieli si\u0119 swoim bogatym do\u015bwiadczeniem \u017cyciowym i zawodowym oraz wiedz\u0105. Sesja z ni\u0105 to du\u017ca dawka wsparcia, zrozumienia, motywacji do dzia\u0142ania i ocean \u017cyczliwo\u015bci.&#8221;<\/p>\n\n\n\n<p>Kasia<\/p>\n\n\n\n<figure class=\"wp-block-image size-large\"><img loading=\"lazy\" decoding=\"async\" width=\"1024\" height=\"775\" src=\"http:\/\/www.chojnackanaskret.pl\/wp-content\/uploads\/2021\/09\/P1270188-2-1024x775.jpg\" alt=\"\" class=\"wp-image-215\" srcset=\"https:\/\/www.chojnackanaskret.pl\/wp-content\/uploads\/2021\/09\/P1270188-2-1024x775.jpg 1024w, https:\/\/www.chojnackanaskret.pl\/wp-content\/uploads\/2021\/09\/P1270188-2-300x227.jpg 300w, https:\/\/www.chojnackanaskret.pl\/wp-content\/uploads\/2021\/09\/P1270188-2-768x581.jpg 768w, https:\/\/www.chojnackanaskret.pl\/wp-content\/uploads\/2021\/09\/P1270188-2-1536x1162.jpg 1536w, https:\/\/www.chojnackanaskret.pl\/wp-content\/uploads\/2021\/09\/P1270188-2-2048x1549.jpg 2048w\" sizes=\"auto, (max-width: 767px) 89vw, (max-width: 1000px) 54vw, (max-width: 1071px) 543px, 580px\" \/><\/figure>\n\n\n\n<p><\/p>\n\n\n\n<p><\/p>\n\n\n\n<p>&nbsp;<\/p>\n\n\n\n<p><\/p>\n\n\n\n<p><\/p>\n\n\n\n<p><\/p>\n\n\n\n<p><\/p>\n\n\n\n<p><\/p>\n\n\n\n<p><\/p>\n\n\n\n<p><\/p>\n","protected":false},"excerpt":{"rendered":"<p>Opinie klient\u00f3w szkoleniowych: &#8222;Jestem zachwycona trenerem (Iz\u0105) &#8211; jej spok\u00f3j, do\u015bwiadczenie i wiedza jest ogromna. Przekazuje wiedz\u0119 w spos\u00f3b bardzo przyst\u0119pny, pos\u0142uguje si\u0119 doskona\u0142ymi przyk\u0142adami. Stwarza bardzo dobr\u0105 atmosfer\u0119 i warunki do dzielenia si\u0119 do\u015bwiadczeniami, kt\u00f3re wzbogacaj\u0105 proces edukacyjny. &#8222; (uczestniczka szkolenia &#8222;Moc empatii w biznesie&#8221;) &#8222;Jasny przekaz, du\u017ca wiedza, du\u017co praktyki. Anga\u017cowanie uczestnik\u00f3w do &hellip; <\/p>\n<p class=\"link-more\"><a href=\"https:\/\/www.chojnackanaskret.pl\/index.php\/warsztaty\/\" class=\"more-link\">Czytaj dalej<span class=\"screen-reader-text\"> \u201eRekomendacje\u201d<\/span><\/a><\/p>\n","protected":false},"author":1,"featured_media":60,"parent":0,"menu_order":0,"comment_status":"closed","ping_status":"closed","template":"","meta":{"footnotes":"","_links_to":"","_links_to_target":""},"class_list":["post-34","page","type-page","status-publish","has-post-thumbnail","hentry"],"yoast_head":"<!-- This site is optimized with the Yoast SEO plugin v23.2 - https:\/\/yoast.com\/wordpress\/plugins\/seo\/ -->\n<title>Rekomendacje - Izabela Chojnacka - Naskr\u0119t Consulting<\/title>\n<meta name=\"description\" content=\"warsztaty_emocje_uwalnianie_kodemocji\" \/>\n<meta name=\"robots\" content=\"index, follow, max-snippet:-1, max-image-preview:large, max-video-preview:-1\" \/>\n<link rel=\"canonical\" href=\"https:\/\/www.chojnackanaskret.pl\/index.php\/warsztaty\/\" \/>\n<meta property=\"og:locale\" content=\"pl_PL\" \/>\n<meta property=\"og:type\" content=\"article\" \/>\n<meta property=\"og:title\" content=\"Rekomendacje - Izabela Chojnacka - Naskr\u0119t Consulting\" \/>\n<meta property=\"og:description\" content=\"warsztaty_emocje_uwalnianie_kodemocji\" \/>\n<meta property=\"og:url\" content=\"https:\/\/www.chojnackanaskret.pl\/index.php\/warsztaty\/\" \/>\n<meta property=\"og:site_name\" content=\"Izabela Chojnacka - Naskr\u0119t Consulting\" \/>\n<meta property=\"article:modified_time\" content=\"2023-05-22T13:31:15+00:00\" \/>\n<meta property=\"og:image\" content=\"http:\/\/www.chojnackanaskret.pl\/wp-content\/uploads\/2020\/10\/delf-1-scaled.jpg\" \/>\n\t<meta property=\"og:image:width\" content=\"2560\" \/>\n\t<meta property=\"og:image:height\" content=\"1440\" \/>\n\t<meta property=\"og:image:type\" content=\"image\/jpeg\" \/>\n<meta name=\"twitter:card\" content=\"summary_large_image\" \/>\n<meta name=\"twitter:label1\" content=\"Szacowany czas czytania\" \/>\n\t<meta name=\"twitter:data1\" content=\"4 minuty\" \/>\n<script type=\"application\/ld+json\" class=\"yoast-schema-graph\">{\"@context\":\"https:\/\/schema.org\",\"@graph\":[{\"@type\":\"WebPage\",\"@id\":\"https:\/\/www.chojnackanaskret.pl\/index.php\/warsztaty\/\",\"url\":\"https:\/\/www.chojnackanaskret.pl\/index.php\/warsztaty\/\",\"name\":\"Rekomendacje - Izabela Chojnacka - Naskr\u0119t Consulting\",\"isPartOf\":{\"@id\":\"https:\/\/www.chojnackanaskret.pl\/#website\"},\"primaryImageOfPage\":{\"@id\":\"https:\/\/www.chojnackanaskret.pl\/index.php\/warsztaty\/#primaryimage\"},\"image\":{\"@id\":\"https:\/\/www.chojnackanaskret.pl\/index.php\/warsztaty\/#primaryimage\"},\"thumbnailUrl\":\"https:\/\/www.chojnackanaskret.pl\/wp-content\/uploads\/2020\/10\/delf-1-scaled.jpg\",\"datePublished\":\"2020-10-16T23:19:18+00:00\",\"dateModified\":\"2023-05-22T13:31:15+00:00\",\"description\":\"warsztaty_emocje_uwalnianie_kodemocji\",\"breadcrumb\":{\"@id\":\"https:\/\/www.chojnackanaskret.pl\/index.php\/warsztaty\/#breadcrumb\"},\"inLanguage\":\"pl-PL\",\"potentialAction\":[{\"@type\":\"ReadAction\",\"target\":[\"https:\/\/www.chojnackanaskret.pl\/index.php\/warsztaty\/\"]}]},{\"@type\":\"ImageObject\",\"inLanguage\":\"pl-PL\",\"@id\":\"https:\/\/www.chojnackanaskret.pl\/index.php\/warsztaty\/#primaryimage\",\"url\":\"https:\/\/www.chojnackanaskret.pl\/wp-content\/uploads\/2020\/10\/delf-1-scaled.jpg\",\"contentUrl\":\"https:\/\/www.chojnackanaskret.pl\/wp-content\/uploads\/2020\/10\/delf-1-scaled.jpg\",\"width\":2560,\"height\":1440},{\"@type\":\"BreadcrumbList\",\"@id\":\"https:\/\/www.chojnackanaskret.pl\/index.php\/warsztaty\/#breadcrumb\",\"itemListElement\":[{\"@type\":\"ListItem\",\"position\":1,\"name\":\"Strona g\u0142\u00f3wna\",\"item\":\"https:\/\/www.chojnackanaskret.pl\/\"},{\"@type\":\"ListItem\",\"position\":2,\"name\":\"Rekomendacje\"}]},{\"@type\":\"WebSite\",\"@id\":\"https:\/\/www.chojnackanaskret.pl\/#website\",\"url\":\"https:\/\/www.chojnackanaskret.pl\/\",\"name\":\"Izabela Chojnacka - Naskr\u0119t Consulting\",\"description\":\"Neuroregeneracja. Lepsze relacje. Wi\u0119ksza efektywno\u015b\u0107.\",\"publisher\":{\"@id\":\"https:\/\/www.chojnackanaskret.pl\/#\/schema\/person\/5a5f146d235eed4f0e1a45497b392c61\"},\"potentialAction\":[{\"@type\":\"SearchAction\",\"target\":{\"@type\":\"EntryPoint\",\"urlTemplate\":\"https:\/\/www.chojnackanaskret.pl\/?s={search_term_string}\"},\"query-input\":\"required name=search_term_string\"}],\"inLanguage\":\"pl-PL\"},{\"@type\":[\"Person\",\"Organization\"],\"@id\":\"https:\/\/www.chojnackanaskret.pl\/#\/schema\/person\/5a5f146d235eed4f0e1a45497b392c61\",\"name\":\"admin\",\"image\":{\"@type\":\"ImageObject\",\"inLanguage\":\"pl-PL\",\"@id\":\"https:\/\/www.chojnackanaskret.pl\/#\/schema\/person\/image\/\",\"url\":\"https:\/\/secure.gravatar.com\/avatar\/7a3e135b161b9512653ea3810f76480f49e61ef8f5feaedac395abeb2e0b9660?s=96&d=mm&r=g\",\"contentUrl\":\"https:\/\/secure.gravatar.com\/avatar\/7a3e135b161b9512653ea3810f76480f49e61ef8f5feaedac395abeb2e0b9660?s=96&d=mm&r=g\",\"caption\":\"admin\"},\"logo\":{\"@id\":\"https:\/\/www.chojnackanaskret.pl\/#\/schema\/person\/image\/\"},\"sameAs\":[\"http:\/\/www.chojnackanaskret.pl\"]}]}<\/script>\n<!-- \/ Yoast SEO plugin. -->","yoast_head_json":{"title":"Rekomendacje - Izabela Chojnacka - Naskr\u0119t Consulting","description":"warsztaty_emocje_uwalnianie_kodemocji","robots":{"index":"index","follow":"follow","max-snippet":"max-snippet:-1","max-image-preview":"max-image-preview:large","max-video-preview":"max-video-preview:-1"},"canonical":"https:\/\/www.chojnackanaskret.pl\/index.php\/warsztaty\/","og_locale":"pl_PL","og_type":"article","og_title":"Rekomendacje - Izabela Chojnacka - Naskr\u0119t Consulting","og_description":"warsztaty_emocje_uwalnianie_kodemocji","og_url":"https:\/\/www.chojnackanaskret.pl\/index.php\/warsztaty\/","og_site_name":"Izabela Chojnacka - Naskr\u0119t Consulting","article_modified_time":"2023-05-22T13:31:15+00:00","og_image":[{"width":2560,"height":1440,"url":"http:\/\/www.chojnackanaskret.pl\/wp-content\/uploads\/2020\/10\/delf-1-scaled.jpg","type":"image\/jpeg"}],"twitter_card":"summary_large_image","twitter_misc":{"Szacowany czas czytania":"4 minuty"},"schema":{"@context":"https:\/\/schema.org","@graph":[{"@type":"WebPage","@id":"https:\/\/www.chojnackanaskret.pl\/index.php\/warsztaty\/","url":"https:\/\/www.chojnackanaskret.pl\/index.php\/warsztaty\/","name":"Rekomendacje - Izabela Chojnacka - Naskr\u0119t Consulting","isPartOf":{"@id":"https:\/\/www.chojnackanaskret.pl\/#website"},"primaryImageOfPage":{"@id":"https:\/\/www.chojnackanaskret.pl\/index.php\/warsztaty\/#primaryimage"},"image":{"@id":"https:\/\/www.chojnackanaskret.pl\/index.php\/warsztaty\/#primaryimage"},"thumbnailUrl":"https:\/\/www.chojnackanaskret.pl\/wp-content\/uploads\/2020\/10\/delf-1-scaled.jpg","datePublished":"2020-10-16T23:19:18+00:00","dateModified":"2023-05-22T13:31:15+00:00","description":"warsztaty_emocje_uwalnianie_kodemocji","breadcrumb":{"@id":"https:\/\/www.chojnackanaskret.pl\/index.php\/warsztaty\/#breadcrumb"},"inLanguage":"pl-PL","potentialAction":[{"@type":"ReadAction","target":["https:\/\/www.chojnackanaskret.pl\/index.php\/warsztaty\/"]}]},{"@type":"ImageObject","inLanguage":"pl-PL","@id":"https:\/\/www.chojnackanaskret.pl\/index.php\/warsztaty\/#primaryimage","url":"https:\/\/www.chojnackanaskret.pl\/wp-content\/uploads\/2020\/10\/delf-1-scaled.jpg","contentUrl":"https:\/\/www.chojnackanaskret.pl\/wp-content\/uploads\/2020\/10\/delf-1-scaled.jpg","width":2560,"height":1440},{"@type":"BreadcrumbList","@id":"https:\/\/www.chojnackanaskret.pl\/index.php\/warsztaty\/#breadcrumb","itemListElement":[{"@type":"ListItem","position":1,"name":"Strona g\u0142\u00f3wna","item":"https:\/\/www.chojnackanaskret.pl\/"},{"@type":"ListItem","position":2,"name":"Rekomendacje"}]},{"@type":"WebSite","@id":"https:\/\/www.chojnackanaskret.pl\/#website","url":"https:\/\/www.chojnackanaskret.pl\/","name":"Izabela Chojnacka - Naskr\u0119t Consulting","description":"Neuroregeneracja. Lepsze relacje. Wi\u0119ksza efektywno\u015b\u0107.","publisher":{"@id":"https:\/\/www.chojnackanaskret.pl\/#\/schema\/person\/5a5f146d235eed4f0e1a45497b392c61"},"potentialAction":[{"@type":"SearchAction","target":{"@type":"EntryPoint","urlTemplate":"https:\/\/www.chojnackanaskret.pl\/?s={search_term_string}"},"query-input":"required name=search_term_string"}],"inLanguage":"pl-PL"},{"@type":["Person","Organization"],"@id":"https:\/\/www.chojnackanaskret.pl\/#\/schema\/person\/5a5f146d235eed4f0e1a45497b392c61","name":"admin","image":{"@type":"ImageObject","inLanguage":"pl-PL","@id":"https:\/\/www.chojnackanaskret.pl\/#\/schema\/person\/image\/","url":"https:\/\/secure.gravatar.com\/avatar\/7a3e135b161b9512653ea3810f76480f49e61ef8f5feaedac395abeb2e0b9660?s=96&d=mm&r=g","contentUrl":"https:\/\/secure.gravatar.com\/avatar\/7a3e135b161b9512653ea3810f76480f49e61ef8f5feaedac395abeb2e0b9660?s=96&d=mm&r=g","caption":"admin"},"logo":{"@id":"https:\/\/www.chojnackanaskret.pl\/#\/schema\/person\/image\/"},"sameAs":["http:\/\/www.chojnackanaskret.pl"]}]}},"jetpack_sharing_enabled":true,"_links":{"self":[{"href":"https:\/\/www.chojnackanaskret.pl\/index.php\/wp-json\/wp\/v2\/pages\/34","targetHints":{"allow":["GET"]}}],"collection":[{"href":"https:\/\/www.chojnackanaskret.pl\/index.php\/wp-json\/wp\/v2\/pages"}],"about":[{"href":"https:\/\/www.chojnackanaskret.pl\/index.php\/wp-json\/wp\/v2\/types\/page"}],"author":[{"embeddable":true,"href":"https:\/\/www.chojnackanaskret.pl\/index.php\/wp-json\/wp\/v2\/users\/1"}],"replies":[{"embeddable":true,"href":"https:\/\/www.chojnackanaskret.pl\/index.php\/wp-json\/wp\/v2\/comments?post=34"}],"version-history":[{"count":25,"href":"https:\/\/www.chojnackanaskret.pl\/index.php\/wp-json\/wp\/v2\/pages\/34\/revisions"}],"predecessor-version":[{"id":327,"href":"https:\/\/www.chojnackanaskret.pl\/index.php\/wp-json\/wp\/v2\/pages\/34\/revisions\/327"}],"wp:featuredmedia":[{"embeddable":true,"href":"https:\/\/www.chojnackanaskret.pl\/index.php\/wp-json\/wp\/v2\/media\/60"}],"wp:attachment":[{"href":"https:\/\/www.chojnackanaskret.pl\/index.php\/wp-json\/wp\/v2\/media?parent=34"}],"curies":[{"name":"wp","href":"https:\/\/api.w.org\/{rel}","templated":true}]}}